{"id":61,"date":"2024-05-27T17:37:13","date_gmt":"2024-05-27T15:37:13","guid":{"rendered":"https:\/\/dammann-mecanique.fr\/?page_id=61"},"modified":"2024-05-27T18:49:33","modified_gmt":"2024-05-27T16:49:33","slug":"a-propos","status":"publish","type":"page","link":"https:\/\/dammann-mecanique.fr\/index.php\/a-propos\/","title":{"rendered":"A propos"},"content":{"rendered":"\n<p>J&rsquo;ai cr\u00e9\u00e9 DAMMANN M\u00e9canique avec une vision claire et d\u00e9termin\u00e9e : restaurer la confiance des clients envers leur garagiste. Dans un secteur souvent per\u00e7u comme herm\u00e9tique et peu fiable, il \u00e9tait essentiel de cr\u00e9er un espace o\u00f9 la transparence et l&rsquo;honn\u00eatet\u00e9 sont au c\u0153ur de nos valeurs. Trop de clients ont v\u00e9cu des exp\u00e9riences d\u00e9cevantes, marqu\u00e9es par des r\u00e9parations inutiles, et un manque de communication qui laisse place \u00e0 la m\u00e9fiance.<\/p>\n\n\n\n<p>Le manque de transparence dans les diagnostics et les co\u00fbts est un probl\u00e8me r\u00e9current dans de nombreux garages. Les clients se retrouvent souvent face \u00e0 des factures \u00e9lev\u00e9es sans comprendre r\u00e9ellement les travaux effectu\u00e9s sur leur v\u00e9hicule. Cela contribue \u00e0 une image n\u00e9gative des garagistes et \u00e0 un sentiment de frustration et d&rsquo;impuissance chez les automobilistes.<\/p>\n\n\n\n<p>Chez DAMMANN M\u00e9canique, nous avons fait le choix de briser ce cercle vicieux. Inspir\u00e9s par les valeurs des protestants \u00e9vang\u00e9liques, nous nous engageons \u00e0 incarner l&rsquo;int\u00e9grit\u00e9, la sinc\u00e9rit\u00e9 et le service. Nous fournissons des explications d\u00e9taill\u00e9es et compr\u00e9hensibles pour chaque intervention et n&rsquo;effectuons les r\u00e9parations que si elles sont n\u00e9cessaires et accept\u00e9es par le client. Notre objectif est de b\u00e2tir une relation de confiance durable avec nos clients, bas\u00e9e sur la transparence et le respect mutuel.<\/p>\n\n\n\n<p>Nous comprenons les contraintes de temps de nos clients, c&rsquo;est pourquoi nous faisons l&rsquo;entretien et la r\u00e9paration de leur v\u00e9hicule \u00e0 domicile pour leur apporter encore plus de confort et de tranquillit\u00e9 d&rsquo;esprit.<\/p>\n\n\n\n<p>Les valeurs \u00e9vang\u00e9liques nous poussent \u00e0 agir avec honn\u00eatet\u00e9 et \u00e0 servir nos clients avec d\u00e9vouement et amour du prochain. En apportant de la lumi\u00e8re dans ce milieu souvent per\u00e7u comme sombre, nous souhaitons redonner \u00e0 nos clients la s\u00e9r\u00e9nit\u00e9 et la confiance qu&rsquo;ils m\u00e9ritent. Nous croyons fermement qu&rsquo;un service de qualit\u00e9 repose sur une communication ouverte et honn\u00eate, et c&rsquo;est cette philosophie qui guide chacune de nos actions chez DAMMANN M\u00e9canique.<\/p>\n","protected":false},"excerpt":{"rendered":"<p>J&rsquo;ai cr\u00e9\u00e9 DAMMANN M\u00e9canique avec une vision claire et d\u00e9termin\u00e9e : restaurer la confiance des clients envers leur garagiste. Dans un secteur souvent per\u00e7u comme herm\u00e9tique et peu fiable, il \u00e9tait essentiel de cr\u00e9er un espace o\u00f9 la transparence et l&rsquo;honn\u00eatet\u00e9 sont au c\u0153ur de nos valeurs. Trop de clients ont v\u00e9cu des exp\u00e9riences d\u00e9cevantes, [&hellip;]<\/p>\n","protected":false},"author":1,"featured_media":0,"parent":0,"menu_order":0,"comment_status":"closed","ping_status":"closed","template":"","meta":{"footnotes":""},"class_list":["post-61","page","type-page","status-publish","hentry"],"_links":{"self":[{"href":"https:\/\/dammann-mecanique.fr\/index.php\/wp-json\/wp\/v2\/pages\/61","targetHints":{"allow":["GET"]}}],"collection":[{"href":"https:\/\/dammann-mecanique.fr\/index.php\/wp-json\/wp\/v2\/pages"}],"about":[{"href":"https:\/\/dammann-mecanique.fr\/index.php\/wp-json\/wp\/v2\/types\/page"}],"author":[{"embeddable":true,"href":"https:\/\/dammann-mecanique.fr\/index.php\/wp-json\/wp\/v2\/users\/1"}],"replies":[{"embeddable":true,"href":"https:\/\/dammann-mecanique.fr\/index.php\/wp-json\/wp\/v2\/comments?post=61"}],"version-history":[{"count":3,"href":"https:\/\/dammann-mecanique.fr\/index.php\/wp-json\/wp\/v2\/pages\/61\/revisions"}],"predecessor-version":[{"id":120,"href":"https:\/\/dammann-mecanique.fr\/index.php\/wp-json\/wp\/v2\/pages\/61\/revisions\/120"}],"wp:attachment":[{"href":"https:\/\/dammann-mecanique.fr\/index.php\/wp-json\/wp\/v2\/media?parent=61"}],"curies":[{"name":"wp","href":"https:\/\/api.w.org\/{rel}","templated":true}]}}