{"id":60,"date":"2024-05-27T17:37:50","date_gmt":"2024-05-27T15:37:50","guid":{"rendered":"https:\/\/dammann-mecanique.fr\/?page_id=60"},"modified":"2024-05-27T17:56:19","modified_gmt":"2024-05-27T15:56:19","slug":"services","status":"publish","type":"page","link":"https:\/\/dammann-mecanique.fr\/index.php\/services\/","title":{"rendered":"Services"},"content":{"rendered":"\n<div class=\"wp-block-columns is-layout-flex wp-container-core-columns-is-layout-28f84493 wp-block-columns-is-layout-flex\">\n<div class=\"wp-block-column is-layout-flow wp-block-column-is-layout-flow\" style=\"flex-basis:100%\">\n<div class=\"wp-block-group has-global-padding is-layout-constrained wp-block-group-is-layout-constrained\">\n<div class=\"wp-block-columns is-layout-flex wp-container-core-columns-is-layout-28f84493 wp-block-columns-is-layout-flex\">\n<div class=\"wp-block-column is-layout-flow wp-block-column-is-layout-flow\">\n<div class=\"wp-block-columns is-layout-flex wp-container-core-columns-is-layout-28f84493 wp-block-columns-is-layout-flex\">\n<div class=\"wp-block-column is-layout-flow wp-block-column-is-layout-flow\">\n<div class=\"wp-block-columns is-layout-flex wp-container-core-columns-is-layout-28f84493 wp-block-columns-is-layout-flex\">\n<div class=\"wp-block-column is-layout-flow wp-block-column-is-layout-flow\">\n<div class=\"wp-block-group alignwide has-global-padding is-layout-constrained wp-block-group-is-layout-constrained\">\n<div class=\"wp-block-columns alignwide are-vertically-aligned-center is-layout-flex wp-container-core-columns-is-layout-ded22dd4 wp-block-columns-is-layout-flex\">\n<div class=\"wp-block-column is-vertically-aligned-center is-layout-flow wp-container-core-column-is-layout-e38e6d2d wp-block-column-is-layout-flow\">\n<div class=\"wp-block-group has-border-color has-base-background-color has-background has-global-padding is-layout-constrained wp-container-core-group-is-layout-c7f12940 wp-block-group-is-layout-constrained\" style=\"border-color:#D4D4D8;border-radius:0px;padding-top:var(--wp--preset--spacing--superbspacing-xsmall);padding-right:var(--wp--preset--spacing--superbspacing-xsmall);padding-bottom:var(--wp--preset--spacing--superbspacing-xsmall);padding-left:var(--wp--preset--spacing--superbspacing-xsmall)\">\n<h4 class=\"wp-block-heading has-text-align-center has-contrast-color has-text-color has-superbfont-small-font-size\">Entretien<\/h4>\n\n\n\n<p>L&rsquo;entretien r\u00e9gulier de votre v\u00e9hicule garantit son fonctionnement optimal et assure votre s\u00e9curit\u00e9. De plus, il favorise la long\u00e9vit\u00e9 de votre voiture.<\/p>\n\n\n\n<p>Chez DAMMANN M\u00e9canique, nous simplifions cette t\u00e2che en venant directement \u00e0 votre domicile pour entretenir votre v\u00e9hicule.<\/p>\n\n\n\n<p class=\"has-text-align-center has-secondary-color has-text-color has-superbfont-xxsmall-font-size\">.<\/p>\n<\/div>\n<\/div>\n\n\n\n<div class=\"wp-block-column is-vertically-aligned-center is-layout-flow wp-container-core-column-is-layout-e38e6d2d wp-block-column-is-layout-flow\">\n<div class=\"wp-block-group has-border-color has-base-background-color has-background has-global-padding is-layout-constrained wp-container-core-group-is-layout-c7f12940 wp-block-group-is-layout-constrained\" style=\"border-color:#D4D4D8;border-radius:0px;padding-top:var(--wp--preset--spacing--superbspacing-xsmall);padding-right:var(--wp--preset--spacing--superbspacing-xsmall);padding-bottom:var(--wp--preset--spacing--superbspacing-xsmall);padding-left:var(--wp--preset--spacing--superbspacing-xsmall)\">\n<h4 class=\"wp-block-heading has-text-align-center has-contrast-color has-text-color has-superbfont-small-font-size\"><strong>R\u00e9paration<\/strong><\/h4>\n\n\n\n<p>Le remplacement des pi\u00e8ces de votre v\u00e9hicule est parfois indispensable pour assurer votre s\u00e9curit\u00e9 et la fiabilit\u00e9 de votre v\u00e9hicule.<\/p>\n\n\n\n<p>Qu&rsquo;il s&rsquo;agisse des disques de frein, de la vanne EGR, du kit de distribution, ou autres, chez DAMMANN M\u00e9canique, nous nous chargeons du remplacement de ces pi\u00e8ces afin de vous assurer des trajets en toute s\u00e9r\u00e9nit\u00e9.<\/p>\n<\/div>\n<\/div>\n\n\n\n<div class=\"wp-block-column is-vertically-aligned-center is-layout-flow wp-container-core-column-is-layout-e38e6d2d wp-block-column-is-layout-flow\">\n<div class=\"wp-block-group has-border-color has-base-background-color has-background has-global-padding is-layout-constrained wp-container-core-group-is-layout-c7f12940 wp-block-group-is-layout-constrained\" style=\"border-color:#D4D4D8;border-radius:0px;padding-top:var(--wp--preset--spacing--superbspacing-xsmall);padding-right:var(--wp--preset--spacing--superbspacing-xsmall);padding-bottom:var(--wp--preset--spacing--superbspacing-xsmall);padding-left:var(--wp--preset--spacing--superbspacing-xsmall)\">\n<h4 class=\"wp-block-heading has-text-align-center has-contrast-color has-text-color has-superbfont-small-font-size\">Transparence <\/h4>\n\n\n\n<p>La compr\u00e9hension du langage de l&rsquo;automobile peut parfois \u00eatre difficile, que ce soit pour comprendre ce qu&rsquo;est un joint de culasse, une courroie de distribution ou une vanne EGR.<\/p>\n\n\n\n<p>Chez DAMMANN M\u00e9canique, nous nous engageons \u00e0 vous expliquer de mani\u00e8re claire et compr\u00e9hensible pourquoi il est recommand\u00e9 de remplacer telle ou telle pi\u00e8ce, et comment nous allons proc\u00e9der.<\/p>\n<\/div>\n<\/div>\n<\/div>\n<\/div>\n<\/div>\n<\/div>\n<\/div>\n<\/div>\n<\/div>\n<\/div>\n<\/div>\n<\/div>\n<\/div>\n","protected":false},"excerpt":{"rendered":"<p>Entretien L&rsquo;entretien r\u00e9gulier de votre v\u00e9hicule garantit son fonctionnement optimal et assure votre s\u00e9curit\u00e9. De plus, il favorise la long\u00e9vit\u00e9 de votre voiture. Chez DAMMANN M\u00e9canique, nous simplifions cette t\u00e2che en venant directement \u00e0 votre domicile pour entretenir votre v\u00e9hicule. . R\u00e9paration Le remplacement des pi\u00e8ces de votre v\u00e9hicule est parfois indispensable pour assurer votre [&hellip;]<\/p>\n","protected":false},"author":1,"featured_media":63,"parent":0,"menu_order":0,"comment_status":"closed","ping_status":"closed","template":"","meta":{"footnotes":""},"class_list":["post-60","page","type-page","status-publish","has-post-thumbnail","hentry"],"_links":{"self":[{"href":"https:\/\/dammann-mecanique.fr\/index.php\/wp-json\/wp\/v2\/pages\/60","targetHints":{"allow":["GET"]}}],"collection":[{"href":"https:\/\/dammann-mecanique.fr\/index.php\/wp-json\/wp\/v2\/pages"}],"about":[{"href":"https:\/\/dammann-mecanique.fr\/index.php\/wp-json\/wp\/v2\/types\/page"}],"author":[{"embeddable":true,"href":"https:\/\/dammann-mecanique.fr\/index.php\/wp-json\/wp\/v2\/users\/1"}],"replies":[{"embeddable":true,"href":"https:\/\/dammann-mecanique.fr\/index.php\/wp-json\/wp\/v2\/comments?post=60"}],"version-history":[{"count":4,"href":"https:\/\/dammann-mecanique.fr\/index.php\/wp-json\/wp\/v2\/pages\/60\/revisions"}],"predecessor-version":[{"id":95,"href":"https:\/\/dammann-mecanique.fr\/index.php\/wp-json\/wp\/v2\/pages\/60\/revisions\/95"}],"wp:featuredmedia":[{"embeddable":true,"href":"https:\/\/dammann-mecanique.fr\/index.php\/wp-json\/wp\/v2\/media\/63"}],"wp:attachment":[{"href":"https:\/\/dammann-mecanique.fr\/index.php\/wp-json\/wp\/v2\/media?parent=60"}],"curies":[{"name":"wp","href":"https:\/\/api.w.org\/{rel}","templated":true}]}}